{"id":2,"date":"2016-05-10T03:48:21","date_gmt":"2016-05-10T03:48:21","guid":{"rendered":"http:\/\/janine-photo.ch\/?page_id=2"},"modified":"2026-04-09T19:57:41","modified_gmt":"2026-04-09T19:57:41","slug":"sample-page","status":"publish","type":"page","link":"https:\/\/janine-photo.ch\/","title":{"rendered":""},"content":{"rendered":"\t\t<div data-elementor-type=\"wp-page\" data-elementor-id=\"2\" class=\"elementor elementor-2\" data-elementor-settings=\"[]\">\n\t\t\t\t\t\t\t<div class=\"elementor-section-wrap\">\n\t\t\t\t\t\t\t<section class=\"elementor-section elementor-top-section elementor-element elementor-element-385fa2d3 elementor-section-boxed elementor-section-height-default elementor-section-height-default\" data-id=\"385fa2d3\" data-element_type=\"section\">\n\t\t\t\t\t\t<div class=\"elementor-container elementor-column-gap-default\">\n\t\t\t\t\t<div class=\"elementor-column elementor-col-100 elementor-top-column elementor-element elementor-element-5824755a\" data-id=\"5824755a\" data-element_type=\"column\">\n\t\t\t<div class=\"elementor-widget-wrap elementor-element-populated\">\n\t\t\t\t\t\t\t\t<div class=\"elementor-element elementor-element-348a43b elementor-arrows-position-inside elementor-widget elementor-widget-image-carousel\" data-id=\"348a43b\" data-element_type=\"widget\" data-settings=\"{&quot;navigation&quot;:&quot;arrows&quot;,&quot;autoplay&quot;:&quot;yes&quot;,&quot;pause_on_hover&quot;:&quot;yes&quot;,&quot;pause_on_interaction&quot;:&quot;yes&quot;,&quot;autoplay_speed&quot;:5000,&quot;infinite&quot;:&quot;yes&quot;,&quot;speed&quot;:500}\" data-widget_type=\"image-carousel.default\">\n\t\t\t\t<div class=\"elementor-widget-container\">\n\t\t\t\t\t<div class=\"elementor-image-carousel-wrapper swiper-container\" dir=\"ltr\">\n\t\t\t<div class=\"elementor-image-carousel swiper-wrapper\">\n\t\t\t\t<div class=\"swiper-slide\"><figure class=\"swiper-slide-inner\"><img class=\"swiper-slide-image\" src=\"https:\/\/janine-photo.ch\/wp-content\/uploads\/2025\/06\/cropped-cropped-JK7A7071-scaled-1-150x150.jpg\" alt=\"cropped-cropped-JK7A7071-scaled-1.jpg\" \/><\/figure><\/div><div class=\"swiper-slide\"><figure class=\"swiper-slide-inner\"><img class=\"swiper-slide-image\" src=\"https:\/\/janine-photo.ch\/wp-content\/uploads\/2025\/03\/JK7A8310-1-150x150.jpg\" alt=\"JK7A8310-1\" \/><\/figure><\/div><div class=\"swiper-slide\"><figure class=\"swiper-slide-inner\"><img class=\"swiper-slide-image\" src=\"https:\/\/janine-photo.ch\/wp-content\/uploads\/2025\/03\/JK7A9626-150x150.jpg\" alt=\"JK7A9626\" \/><\/figure><\/div><div class=\"swiper-slide\"><figure class=\"swiper-slide-inner\"><img class=\"swiper-slide-image\" src=\"https:\/\/janine-photo.ch\/wp-content\/uploads\/2025\/06\/cropped-JK7A7133-scaled-1-150x150.jpg\" alt=\"cropped-JK7A7133-scaled-1.jpg\" \/><\/figure><\/div><div class=\"swiper-slide\"><figure class=\"swiper-slide-inner\"><img class=\"swiper-slide-image\" src=\"https:\/\/janine-photo.ch\/wp-content\/uploads\/2025\/06\/JK7A7025-150x150.jpg\" alt=\"JK7A7025\" \/><\/figure><\/div><div class=\"swiper-slide\"><figure class=\"swiper-slide-inner\"><img class=\"swiper-slide-image\" src=\"https:\/\/janine-photo.ch\/wp-content\/uploads\/2025\/06\/cropped-JK7A7109-scaled-1-150x150.jpg\" alt=\"cropped-JK7A7109-scaled-1.jpg\" \/><\/figure><\/div><div class=\"swiper-slide\"><figure class=\"swiper-slide-inner\"><img class=\"swiper-slide-image\" src=\"https:\/\/janine-photo.ch\/wp-content\/uploads\/2025\/03\/JK7A9547-150x150.jpg\" alt=\"JK7A9547\" \/><\/figure><\/div><div class=\"swiper-slide\"><figure class=\"swiper-slide-inner\"><img class=\"swiper-slide-image\" src=\"https:\/\/janine-photo.ch\/wp-content\/uploads\/2025\/03\/JK7A9408-150x150.jpg\" alt=\"JK7A9408\" \/><\/figure><\/div><div class=\"swiper-slide\"><figure class=\"swiper-slide-inner\"><img class=\"swiper-slide-image\" src=\"https:\/\/janine-photo.ch\/wp-content\/uploads\/2025\/03\/JK7A8234-1-150x150.jpg\" alt=\"JK7A8234-1\" \/><\/figure><\/div><div class=\"swiper-slide\"><figure class=\"swiper-slide-inner\"><img class=\"swiper-slide-image\" src=\"https:\/\/janine-photo.ch\/wp-content\/uploads\/2024\/07\/1D0A2252-1-150x150.jpg\" alt=\"1D0A2252-1\" \/><\/figure><\/div><div class=\"swiper-slide\"><figure class=\"swiper-slide-inner\"><img class=\"swiper-slide-image\" src=\"https:\/\/janine-photo.ch\/wp-content\/uploads\/2024\/02\/JK7A0842-1-150x150.jpg\" alt=\"JK7A0842-1\" \/><\/figure><\/div><div class=\"swiper-slide\"><figure class=\"swiper-slide-inner\"><img class=\"swiper-slide-image\" src=\"https:\/\/janine-photo.ch\/wp-content\/uploads\/2024\/02\/cropped-JK7A0560-scaled-1-150x150.jpg\" alt=\"cropped-JK7A0560-scaled-1.jpg\" \/><\/figure><\/div><div class=\"swiper-slide\"><figure class=\"swiper-slide-inner\"><img class=\"swiper-slide-image\" src=\"https:\/\/janine-photo.ch\/wp-content\/uploads\/2024\/02\/JK7A0661-150x150.jpg\" alt=\"JK7A0661\" \/><\/figure><\/div><div class=\"swiper-slide\"><figure class=\"swiper-slide-inner\"><img class=\"swiper-slide-image\" src=\"https:\/\/janine-photo.ch\/wp-content\/uploads\/2025\/02\/JK7A0808-1-683x1024-3-150x150.jpg\" alt=\"JK7A0808-1-683x1024-3\" \/><\/figure><\/div><div class=\"swiper-slide\"><figure class=\"swiper-slide-inner\"><img class=\"swiper-slide-image\" src=\"https:\/\/janine-photo.ch\/wp-content\/uploads\/2024\/07\/JK7A53188-150x150.jpg\" alt=\"JK7A53188\" \/><\/figure><\/div><div class=\"swiper-slide\"><figure class=\"swiper-slide-inner\"><img class=\"swiper-slide-image\" src=\"https:\/\/janine-photo.ch\/wp-content\/uploads\/2025\/03\/JK7A8196.1-1-150x150.jpg\" alt=\"JK7A8196.1-1\" \/><\/figure><\/div><div class=\"swiper-slide\"><figure class=\"swiper-slide-inner\"><img class=\"swiper-slide-image\" src=\"https:\/\/janine-photo.ch\/wp-content\/uploads\/2024\/07\/JK7A5195-150x150.jpg\" alt=\"JK7A5195\" \/><\/figure><\/div><div class=\"swiper-slide\"><figure class=\"swiper-slide-inner\"><img class=\"swiper-slide-image\" src=\"https:\/\/janine-photo.ch\/wp-content\/uploads\/2024\/08\/JK7A7384-150x150.jpg\" alt=\"JK7A7384\" \/><\/figure><\/div><div class=\"swiper-slide\"><figure class=\"swiper-slide-inner\"><img class=\"swiper-slide-image\" src=\"https:\/\/janine-photo.ch\/wp-content\/uploads\/2024\/07\/JK7A5412-2-150x150.jpg\" alt=\"JK7A5412-2\" \/><\/figure><\/div><div class=\"swiper-slide\"><figure class=\"swiper-slide-inner\"><img class=\"swiper-slide-image\" src=\"https:\/\/janine-photo.ch\/wp-content\/uploads\/2025\/03\/JK7A7813-150x150.jpg\" alt=\"JK7A7813\" \/><\/figure><\/div><div class=\"swiper-slide\"><figure class=\"swiper-slide-inner\"><img class=\"swiper-slide-image\" src=\"https:\/\/janine-photo.ch\/wp-content\/uploads\/2025\/06\/JK7A7100-150x150.jpg\" alt=\"JK7A7100\" \/><\/figure><\/div><div class=\"swiper-slide\"><figure class=\"swiper-slide-inner\"><img class=\"swiper-slide-image\" src=\"https:\/\/janine-photo.ch\/wp-content\/uploads\/2024\/02\/JK7A0338-2-150x150.jpg\" alt=\"JK7A0338-2\" \/><\/figure><\/div><div class=\"swiper-slide\"><figure class=\"swiper-slide-inner\"><img class=\"swiper-slide-image\" src=\"https:\/\/janine-photo.ch\/wp-content\/uploads\/2025\/06\/JK7A7167-150x150.jpg\" alt=\"JK7A7167\" \/><\/figure><\/div><div class=\"swiper-slide\"><figure class=\"swiper-slide-inner\"><img class=\"swiper-slide-image\" src=\"https:\/\/janine-photo.ch\/wp-content\/uploads\/2022\/08\/JK7A5319-Edit-150x150.jpg\" alt=\"JK7A5319-Edit\" \/><\/figure><\/div><div class=\"swiper-slide\"><figure class=\"swiper-slide-inner\"><img class=\"swiper-slide-image\" src=\"https:\/\/janine-photo.ch\/wp-content\/uploads\/2025\/02\/JK7A3354-Edit-1-683x1024-1-150x150.jpg\" alt=\"JK7A3354-Edit-1-683x1024-1\" \/><\/figure><\/div><div class=\"swiper-slide\"><figure class=\"swiper-slide-inner\"><img class=\"swiper-slide-image\" src=\"https:\/\/janine-photo.ch\/wp-content\/uploads\/2025\/02\/JK7A0854-683x1024-1-150x150.jpg\" alt=\"JK7A0854-683x1024-1\" \/><\/figure><\/div><div class=\"swiper-slide\"><figure class=\"swiper-slide-inner\"><img class=\"swiper-slide-image\" src=\"https:\/\/janine-photo.ch\/wp-content\/uploads\/2024\/09\/JK7A2860-1-150x150.jpg\" alt=\"JK7A2860-1\" \/><\/figure><\/div><div class=\"swiper-slide\"><figure class=\"swiper-slide-inner\"><img class=\"swiper-slide-image\" src=\"https:\/\/janine-photo.ch\/wp-content\/uploads\/2024\/03\/JK7A1367-2-2-150x150.jpg\" alt=\"JK7A1367-2-2\" \/><\/figure><\/div><div class=\"swiper-slide\"><figure class=\"swiper-slide-inner\"><img class=\"swiper-slide-image\" src=\"https:\/\/janine-photo.ch\/wp-content\/uploads\/2024\/07\/JK7A6672-1-150x150.jpg\" alt=\"JK7A6672-1\" \/><\/figure><\/div><div class=\"swiper-slide\"><figure class=\"swiper-slide-inner\"><img class=\"swiper-slide-image\" src=\"https:\/\/janine-photo.ch\/wp-content\/uploads\/2024\/07\/1D0A2076-150x150.jpg\" alt=\"1D0A2076\" \/><\/figure><\/div><div class=\"swiper-slide\"><figure class=\"swiper-slide-inner\"><img class=\"swiper-slide-image\" src=\"https:\/\/janine-photo.ch\/wp-content\/uploads\/2025\/03\/JK7A9964-150x150.jpg\" alt=\"JK7A9964\" \/><\/figure><\/div><div class=\"swiper-slide\"><figure class=\"swiper-slide-inner\"><img class=\"swiper-slide-image\" src=\"https:\/\/janine-photo.ch\/wp-content\/uploads\/2024\/09\/JK7A2948-1-150x150.jpg\" alt=\"JK7A2948-1\" \/><\/figure><\/div><div class=\"swiper-slide\"><figure class=\"swiper-slide-inner\"><img class=\"swiper-slide-image\" src=\"https:\/\/janine-photo.ch\/wp-content\/uploads\/2025\/03\/JK7A7795-150x150.jpg\" alt=\"JK7A7795\" \/><\/figure><\/div><div class=\"swiper-slide\"><figure class=\"swiper-slide-inner\"><img class=\"swiper-slide-image\" src=\"https:\/\/janine-photo.ch\/wp-content\/uploads\/2025\/03\/JK7A8697-150x150.jpg\" alt=\"JK7A8697\" \/><\/figure><\/div><div class=\"swiper-slide\"><figure class=\"swiper-slide-inner\"><img class=\"swiper-slide-image\" src=\"https:\/\/janine-photo.ch\/wp-content\/uploads\/2025\/03\/JK7A8780-150x150.jpg\" alt=\"JK7A8780\" \/><\/figure><\/div>\t\t\t<\/div>\n\t\t\t\t\t\t\t\t\t\t\t\t\t\t\t\t<div class=\"elementor-swiper-button elementor-swiper-button-prev\">\n\t\t\t\t\t\t<i class=\"eicon-chevron-left\" aria-hidden=\"true\"><\/i>\n\t\t\t\t\t\t<span class=\"elementor-screen-only\">Zur\u00fcck<\/span>\n\t\t\t\t\t<\/div>\n\t\t\t\t\t<div class=\"elementor-swiper-button elementor-swiper-button-next\">\n\t\t\t\t\t\t<i class=\"eicon-chevron-right\" aria-hidden=\"true\"><\/i>\n\t\t\t\t\t\t<span class=\"elementor-screen-only\">Weiter<\/span>\n\t\t\t\t\t<\/div>\n\t\t\t\t\t\t\t\t\t<\/div>\n\t\t\t\t<\/div>\n\t\t\t\t<\/div>\n\t\t\t\t<div class=\"elementor-element elementor-element-75b3424 elementor-widget elementor-widget-heading\" data-id=\"75b3424\" data-element_type=\"widget\" data-widget_type=\"heading.default\">\n\t\t\t\t<div class=\"elementor-widget-container\">\n\t\t\t<h2 class=\"elementor-heading-title elementor-size-default\">BABY,-FAMILIEN,-UND TIERFOTOGRAFIN MIT VOLLER LEIDENSCHAFT<\/h2>\t\t<\/div>\n\t\t\t\t<\/div>\n\t\t\t\t<div class=\"elementor-element elementor-element-7430ac31 elementor-widget elementor-widget-text-editor\" data-id=\"7430ac31\" data-element_type=\"widget\" data-widget_type=\"text-editor.default\">\n\t\t\t\t<div class=\"elementor-widget-container\">\n\t\t\t\t\t\t\t\t<p><!-- wp:paragraph --><\/p>\n<p>Du w\u00fcnschst dir authentische, nat\u00fcrliche und ungezwungene Fotos von dir und deiner Familie, dann bist du bei mir genau richtig. ich halte diese besonderen Momente f\u00fcr dich fest, damit du dich immer an diese wertvolle zeit zur\u00fcckerinnern kannst. ich freue mich auch deine Geschichte fotografisch festzuhalten.<\/p>\n<ul>\n<li>Schwangerschaft<\/li>\n<li>Newborn<\/li>\n<li>Familien<\/li>\n<li>Vierbeinige Familienmitglieder\u00a0<\/li>\n<li>Hochzeiten<\/li>\n<li>Taufen\u00a0 \u00a0<\/li>\n<li>Cakesmash\u00a0 \u00a0 \u00a0 \u00a0 \u00a0 \u00a0 \u00a0 \u00a0 \u00a0 \u00a0 \u00a0 \u00a0 \u00a0<\/li>\n<\/ul>\n<p>\u00a0<\/p>\n<p><strong>Hi, Ich bin Janine\u00a0 \u00a0 \u00a0 \u00a0 \u00a0 \u00a0 \u00a0 \u00a0 \u00a0 \u00a0 \u00a0 \u00a0 \u00a0 \u00a0 \u00a0 \u00a0 \u00a0 \u00a0 \u00a0\u00a0<\/strong><\/p>\n<p><img loading=\"lazy\" class=\"alignnone size-medium wp-image-1564\" src=\"http:\/\/janine-photo.ch\/wp-content\/uploads\/2025\/02\/GOT04078-2-200x300.jpg\" alt=\"\" width=\"200\" height=\"300\" srcset=\"https:\/\/janine-photo.ch\/wp-content\/uploads\/2025\/02\/GOT04078-2-200x300.jpg 200w, https:\/\/janine-photo.ch\/wp-content\/uploads\/2025\/02\/GOT04078-2-683x1024.jpg 683w, https:\/\/janine-photo.ch\/wp-content\/uploads\/2025\/02\/GOT04078-2-768x1152.jpg 768w, https:\/\/janine-photo.ch\/wp-content\/uploads\/2025\/02\/GOT04078-2-1024x1536.jpg 1024w, https:\/\/janine-photo.ch\/wp-content\/uploads\/2025\/02\/GOT04078-2-1365x2048.jpg 1365w, https:\/\/janine-photo.ch\/wp-content\/uploads\/2025\/02\/GOT04078-2-1600x2400.jpg 1600w, https:\/\/janine-photo.ch\/wp-content\/uploads\/2025\/02\/GOT04078-2-scaled.jpg 1707w\" sizes=\"(max-width: 200px) 100vw, 200px\" \/><\/p>\n<p>\u00a0<\/p>\n<p><!-- \/wp:gallery --><!-- wp:paragraph --><\/p>\n<p>ich bin verheiratet und bin Mama von zwei wundervollen Kindern. Zusammen mit meiner Familie und unseren 4 Katzen wohne ich in Pieterlen in unserem sch\u00f6nen Haus. Nach der Geburt unserer Tochter hat mich das Fotofieber gepackt. Ich wollte jeden Moment festhalten aber mit Handyfotos wollte ich mich nicht zufrieden stellen, desshalb w\u00fcnschte ich mir zu meinem Geburtstg meine erste grosse Kamera, mit der ich mich an die Fotografie heran tastete. Nach unz\u00e4hligen Onlineworkshops und Videos habe ich mir alles selbst beigebracht und in den ersten paar Jahren viel ausprobiert und ge\u00fcbt. Nach nun ungef\u00e4hr 6 Jahren, habe ich mir meinen Herzenswunsch im Februar 2025 erf\u00fcllt und habe mein eigenes Studio er\u00f6ffnet.<\/p>\n<p>Mein Fotostudio ist in 2502 Biel, es hat gen\u00fcgend Parkpl\u00e4tze, eine Toilette und Dusche.<\/p>\n<p>Mein Studio ist hell und in Naturt\u00f6nen eingerichtet. Die Bilder wirken am harmonischsten, wenn ihr auch in hellen Kleidern zum Shooting erscheint( beige, creme, weiss) und am besten eignen sich Kleidung in Uni ( ohne grossen Aufdrucke \/streifen\/Muster).<\/p>\n<p>F\u00fcr die werdenden Mamis habe ich eine kleine Auswahl an Kleidern, falls du nichts passendes Zuhause hast, mach dir also keine Sorgen. Auch f\u00fcr dein Baby habe ich viele s\u00fcsse Kleidchen und Accessoires, die euch zur freien Verf\u00fcgung stehen.<\/p>\n<p>Ich freue mich auf euch, eure Janine\u00a0<\/p>\n<p>\u00a0<\/p>\n<p>Tolle Neuigkeiten:<\/p>\n<p>Du m\u00f6chtest ganz entspannt zu deinem Shooting kommen und dich nicht um deine Haare &amp; Makeup k\u00fcmmern? Dann kannst du optional zu deinem Shooting ein Styling bei der lieben Kate buchen. Sie wird dir nach Wunsch ein wundersch\u00f6nes Makeup zaubern. Melde dich wenn du Interesse hast und wir besprechen alles weitere.<\/p>\n<p><img loading=\"lazy\" class=\"alignnone  wp-image-1961\" src=\"http:\/\/janine-photo.ch\/wp-content\/uploads\/2025\/11\/IMG-20251104-WA00101-205x300.jpg\" alt=\"\" width=\"151\" height=\"221\" srcset=\"https:\/\/janine-photo.ch\/wp-content\/uploads\/2025\/11\/IMG-20251104-WA00101-205x300.jpg 205w, https:\/\/janine-photo.ch\/wp-content\/uploads\/2025\/11\/IMG-20251104-WA00101-698x1024.jpg 698w, https:\/\/janine-photo.ch\/wp-content\/uploads\/2025\/11\/IMG-20251104-WA00101-768x1126.jpg 768w, https:\/\/janine-photo.ch\/wp-content\/uploads\/2025\/11\/IMG-20251104-WA00101-1047x1536.jpg 1047w, https:\/\/janine-photo.ch\/wp-content\/uploads\/2025\/11\/IMG-20251104-WA00101.jpg 1091w\" sizes=\"(max-width: 151px) 100vw, 151px\" \/><\/p>\n<p>\u00a0<\/p>\n<p><!-- \/wp:paragraph --><!-- wp:paragraph --><\/p>\n<p><!-- \/wp:paragraph --><\/p>\t\t\t\t\t\t<\/div>\n\t\t\t\t<\/div>\n\t\t\t\t\t<\/div>\n\t\t<\/div>\n\t\t\t\t\t\t\t<\/div>\n\t\t<\/section>\n\t\t\t\t\t\t<\/div>\n\t\t\t\t\t<\/div>\n\t\t","protected":false},"excerpt":{"rendered":"<p>Zur\u00fcck Weiter BABY,-FAMILIEN,-UND TIERFOTOGRAFIN MIT VOLLER LEIDENSCHAFT Du w\u00fcnschst dir authentische, nat\u00fcrliche und ungezwungene Fotos von dir und deiner Familie,&hellip;<\/p>\n","protected":false},"author":1,"featured_media":0,"parent":0,"menu_order":0,"comment_status":"closed","ping_status":"open","template":"elementor_header_footer","meta":[],"_links":{"self":[{"href":"https:\/\/janine-photo.ch\/index.php?rest_route=\/wp\/v2\/pages\/2"}],"collection":[{"href":"https:\/\/janine-photo.ch\/index.php?rest_route=\/wp\/v2\/pages"}],"about":[{"href":"https:\/\/janine-photo.ch\/index.php?rest_route=\/wp\/v2\/types\/page"}],"author":[{"embeddable":true,"href":"https:\/\/janine-photo.ch\/index.php?rest_route=\/wp\/v2\/users\/1"}],"replies":[{"embeddable":true,"href":"https:\/\/janine-photo.ch\/index.php?rest_route=%2Fwp%2Fv2%2Fcomments&post=2"}],"version-history":[{"count":152,"href":"https:\/\/janine-photo.ch\/index.php?rest_route=\/wp\/v2\/pages\/2\/revisions"}],"predecessor-version":[{"id":2099,"href":"https:\/\/janine-photo.ch\/index.php?rest_route=\/wp\/v2\/pages\/2\/revisions\/2099"}],"wp:attachment":[{"href":"https:\/\/janine-photo.ch\/index.php?rest_route=%2Fwp%2Fv2%2Fmedia&parent=2"}],"curies":[{"name":"wp","href":"https:\/\/api.w.org\/{rel}","templated":true}]}}