{"id":1395,"date":"2025-02-04T19:54:51","date_gmt":"2025-02-04T19:54:51","guid":{"rendered":"https:\/\/janine-photo.ch\/?page_id=1395"},"modified":"2025-02-05T19:40:06","modified_gmt":"2025-02-05T19:40:06","slug":"hochzeiten","status":"publish","type":"page","link":"https:\/\/janine-photo.ch\/?page_id=1395","title":{"rendered":"Hochzeiten"},"content":{"rendered":"\n<p><strong>Hochzeitsreportagen<\/strong><\/p>\n\n\n\n<figure class=\"wp-block-gallery columns-3 is-cropped\"><ul class=\"blocks-gallery-grid\"><li class=\"blocks-gallery-item\"><figure><img loading=\"lazy\" width=\"683\" height=\"1024\" src=\"https:\/\/janine-photo.ch\/wp-content\/uploads\/2025\/02\/1D0A2252-1-683x1024-1.jpg\" alt=\"\" data-id=\"1476\" data-full-url=\"https:\/\/janine-photo.ch\/wp-content\/uploads\/2025\/02\/1D0A2252-1-683x1024-1.jpg\" data-link=\"https:\/\/janine-photo.ch\/?attachment_id=1476\" class=\"wp-image-1476\" srcset=\"https:\/\/janine-photo.ch\/wp-content\/uploads\/2025\/02\/1D0A2252-1-683x1024-1.jpg 683w, https:\/\/janine-photo.ch\/wp-content\/uploads\/2025\/02\/1D0A2252-1-683x1024-1-200x300.jpg 200w\" sizes=\"(max-width: 683px) 100vw, 683px\" \/><\/figure><\/li><li class=\"blocks-gallery-item\"><figure><img loading=\"lazy\" width=\"683\" height=\"1024\" src=\"https:\/\/janine-photo.ch\/wp-content\/uploads\/2025\/02\/1D0A2110-683x1024-1.jpg\" alt=\"\" data-id=\"1475\" data-full-url=\"https:\/\/janine-photo.ch\/wp-content\/uploads\/2025\/02\/1D0A2110-683x1024-1.jpg\" data-link=\"https:\/\/janine-photo.ch\/?attachment_id=1475\" class=\"wp-image-1475\" srcset=\"https:\/\/janine-photo.ch\/wp-content\/uploads\/2025\/02\/1D0A2110-683x1024-1.jpg 683w, https:\/\/janine-photo.ch\/wp-content\/uploads\/2025\/02\/1D0A2110-683x1024-1-200x300.jpg 200w\" sizes=\"(max-width: 683px) 100vw, 683px\" \/><\/figure><\/li><li class=\"blocks-gallery-item\"><figure><img loading=\"lazy\" width=\"640\" height=\"1024\" src=\"https:\/\/janine-photo.ch\/wp-content\/uploads\/2025\/02\/JK7A6672-1-640x1024-1.jpg\" alt=\"\" data-id=\"1477\" data-full-url=\"https:\/\/janine-photo.ch\/wp-content\/uploads\/2025\/02\/JK7A6672-1-640x1024-1.jpg\" data-link=\"https:\/\/janine-photo.ch\/?attachment_id=1477\" class=\"wp-image-1477\" srcset=\"https:\/\/janine-photo.ch\/wp-content\/uploads\/2025\/02\/JK7A6672-1-640x1024-1.jpg 640w, https:\/\/janine-photo.ch\/wp-content\/uploads\/2025\/02\/JK7A6672-1-640x1024-1-188x300.jpg 188w\" sizes=\"(max-width: 640px) 100vw, 640px\" \/><\/figure><\/li><\/ul><\/figure>\n\n\n\n<p>Ich begleite euch gerne Fotografisch bei eurer Hochzeit. Vom Getting ready zum first look bis zur Trauung und Familien-und Paarfotos werde ich all die wundersch\u00f6nen Momente festhalten. Du entscheidest was dir wichtig ist. Ob du mich von Anfang an dabei haben willst, oder erst f\u00fcr die Trauung, das liegt ganz bei dir und deinen W\u00fcnschen.<\/p>\n\n\n\n<hr class=\"wp-block-separator\"\/>\n\n\n\n<p>F\u00fcr eine Hochzeit verrechne ich <strong>pro Stunde 200.-<\/strong> und du bekommst alle guten Fotos in meinem Stil liebevoll bearbeitet in einer Online Galerie zum downloaden.<\/p>\n\n\n\n<p>M\u00f6chtest du mich f\u00fcr den ganzen Tag buchen k\u00f6nnen wir gerne <strong>einen Preis besprechen<\/strong>.<\/p>\n\n\n\n<p><\/p>\n","protected":false},"excerpt":{"rendered":"<p>Hochzeitsreportagen Ich begleite euch gerne Fotografisch bei eurer Hochzeit. Vom Getting ready zum first look bis zur Trauung und Familien-und&hellip;<\/p>\n","protected":false},"author":2,"featured_media":0,"parent":0,"menu_order":0,"comment_status":"closed","ping_status":"closed","template":"","meta":[],"_links":{"self":[{"href":"https:\/\/janine-photo.ch\/index.php?rest_route=\/wp\/v2\/pages\/1395"}],"collection":[{"href":"https:\/\/janine-photo.ch\/index.php?rest_route=\/wp\/v2\/pages"}],"about":[{"href":"https:\/\/janine-photo.ch\/index.php?rest_route=\/wp\/v2\/types\/page"}],"author":[{"embeddable":true,"href":"https:\/\/janine-photo.ch\/index.php?rest_route=\/wp\/v2\/users\/2"}],"replies":[{"embeddable":true,"href":"https:\/\/janine-photo.ch\/index.php?rest_route=%2Fwp%2Fv2%2Fcomments&post=1395"}],"version-history":[{"count":4,"href":"https:\/\/janine-photo.ch\/index.php?rest_route=\/wp\/v2\/pages\/1395\/revisions"}],"predecessor-version":[{"id":1480,"href":"https:\/\/janine-photo.ch\/index.php?rest_route=\/wp\/v2\/pages\/1395\/revisions\/1480"}],"wp:attachment":[{"href":"https:\/\/janine-photo.ch\/index.php?rest_route=%2Fwp%2Fv2%2Fmedia&parent=1395"}],"curies":[{"name":"wp","href":"https:\/\/api.w.org\/{rel}","templated":true}]}}