{"id":1392,"date":"2025-02-04T19:54:51","date_gmt":"2025-02-04T19:54:51","guid":{"rendered":"https:\/\/janine-photo.ch\/?page_id=1392"},"modified":"2025-07-28T19:27:48","modified_gmt":"2025-07-28T19:27:48","slug":"cakesmash-2","status":"publish","type":"page","link":"https:\/\/janine-photo.ch\/?page_id=1392","title":{"rendered":"Cakesmash"},"content":{"rendered":"\n<figure class=\"wp-block-gallery columns-3 is-cropped\"><ul class=\"blocks-gallery-grid\"><li class=\"blocks-gallery-item\"><figure><img loading=\"lazy\" width=\"683\" height=\"1024\" src=\"https:\/\/janine-photo.ch\/wp-content\/uploads\/2025\/03\/JK7A7696-683x1024.jpg\" alt=\"\" data-id=\"1576\" data-full-url=\"https:\/\/janine-photo.ch\/wp-content\/uploads\/2025\/03\/JK7A7696-scaled.jpg\" data-link=\"https:\/\/janine-photo.ch\/?attachment_id=1576\" class=\"wp-image-1576\" srcset=\"https:\/\/janine-photo.ch\/wp-content\/uploads\/2025\/03\/JK7A7696-683x1024.jpg 683w, https:\/\/janine-photo.ch\/wp-content\/uploads\/2025\/03\/JK7A7696-200x300.jpg 200w, https:\/\/janine-photo.ch\/wp-content\/uploads\/2025\/03\/JK7A7696-768x1152.jpg 768w, https:\/\/janine-photo.ch\/wp-content\/uploads\/2025\/03\/JK7A7696-1024x1536.jpg 1024w, https:\/\/janine-photo.ch\/wp-content\/uploads\/2025\/03\/JK7A7696-1365x2048.jpg 1365w, https:\/\/janine-photo.ch\/wp-content\/uploads\/2025\/03\/JK7A7696-1600x2400.jpg 1600w, https:\/\/janine-photo.ch\/wp-content\/uploads\/2025\/03\/JK7A7696-scaled.jpg 1707w\" sizes=\"(max-width: 683px) 100vw, 683px\" \/><\/figure><\/li><li class=\"blocks-gallery-item\"><figure><img loading=\"lazy\" width=\"683\" height=\"1024\" src=\"https:\/\/janine-photo.ch\/wp-content\/uploads\/2025\/03\/JK7A7797-683x1024.jpg\" alt=\"\" data-id=\"1580\" data-full-url=\"https:\/\/janine-photo.ch\/wp-content\/uploads\/2025\/03\/JK7A7797-scaled.jpg\" data-link=\"https:\/\/janine-photo.ch\/?attachment_id=1580\" class=\"wp-image-1580\" srcset=\"https:\/\/janine-photo.ch\/wp-content\/uploads\/2025\/03\/JK7A7797-683x1024.jpg 683w, https:\/\/janine-photo.ch\/wp-content\/uploads\/2025\/03\/JK7A7797-200x300.jpg 200w, https:\/\/janine-photo.ch\/wp-content\/uploads\/2025\/03\/JK7A7797-768x1152.jpg 768w, https:\/\/janine-photo.ch\/wp-content\/uploads\/2025\/03\/JK7A7797-1024x1536.jpg 1024w, https:\/\/janine-photo.ch\/wp-content\/uploads\/2025\/03\/JK7A7797-1366x2048.jpg 1366w, https:\/\/janine-photo.ch\/wp-content\/uploads\/2025\/03\/JK7A7797-1600x2400.jpg 1600w, https:\/\/janine-photo.ch\/wp-content\/uploads\/2025\/03\/JK7A7797-scaled.jpg 1707w\" sizes=\"(max-width: 683px) 100vw, 683px\" \/><\/figure><\/li><li class=\"blocks-gallery-item\"><figure><img loading=\"lazy\" width=\"683\" height=\"1024\" src=\"https:\/\/janine-photo.ch\/wp-content\/uploads\/2025\/03\/JK7A7791-683x1024.jpg\" alt=\"\" data-id=\"1579\" data-full-url=\"https:\/\/janine-photo.ch\/wp-content\/uploads\/2025\/03\/JK7A7791-scaled.jpg\" data-link=\"https:\/\/janine-photo.ch\/?attachment_id=1579\" class=\"wp-image-1579\" srcset=\"https:\/\/janine-photo.ch\/wp-content\/uploads\/2025\/03\/JK7A7791-683x1024.jpg 683w, https:\/\/janine-photo.ch\/wp-content\/uploads\/2025\/03\/JK7A7791-200x300.jpg 200w, https:\/\/janine-photo.ch\/wp-content\/uploads\/2025\/03\/JK7A7791-768x1152.jpg 768w, https:\/\/janine-photo.ch\/wp-content\/uploads\/2025\/03\/JK7A7791-1024x1536.jpg 1024w, https:\/\/janine-photo.ch\/wp-content\/uploads\/2025\/03\/JK7A7791-1365x2048.jpg 1365w, https:\/\/janine-photo.ch\/wp-content\/uploads\/2025\/03\/JK7A7791-1600x2400.jpg 1600w, https:\/\/janine-photo.ch\/wp-content\/uploads\/2025\/03\/JK7A7791-scaled.jpg 1707w\" sizes=\"(max-width: 683px) 100vw, 683px\" \/><\/figure><\/li><\/ul><\/figure>\n\n\n\n<p>Wie schnell die Zeit vergeht und schon ist dein Baby kein Baby mehr und feiert schon seinen 1. Geburtstag. Ein Grund zum feiern und dieses einmalige Ereignis in sch\u00f6nen Bildern festzuhalten. Beim Cakesmash Shooting werden zuerst Bilder vom Kind alleine gemacht, dann darf es nat\u00fcrlich den leckeren Kuchen probieren und zum Schluss gibt es ein tolles warmes Bad damit man auch wieder sauber Nachhause kann, falls gew\u00fcnscht k\u00f6nnen auch noch Fotos mit Mama und Papa gemacht werden. Du kannst auch gerne Farbw\u00fcnsche f\u00fcr die Deko geben, jedoch den <strong>Kuchen musst du selbst mitbringen.<\/strong><\/p>\n\n\n\n<hr class=\"wp-block-separator\"\/>\n\n\n\n<p>Dein Paket :<\/p>\n\n\n\n<p>60 Minuten&nbsp;Shooting in meinem Studio <\/p>\n\n\n\n<p>5 Fotos in meinem Stil bearbeitet<\/p>\n\n\n\n<p>Alle Bilder in einer Onlinegalerie f\u00fcr deine Bildauswahl &amp; Download<\/p>\n\n\n\n<p>Preis:&nbsp;<strong>200.-<\/strong><\/p>\n\n\n\n<p>M\u00f6chtest du mehrere Bilder als in deinem Paket enthalten ist, kannst du jedes weitere Bild f\u00fcr20.- \/ stk dazu kaufen oder du entscheidest dich f\u00fcr die komplette Galerie gibt es diese f\u00fcr 100.- dazu.<\/p>\n\n\n\n<p><\/p>\n\n\n\n<p><em>&#8222;Bei jeden gebuchten Shooting gilt: Bei Krankheit oder Unfall kann das Shooting nat\u00fcrlich verschoben werden, wird allerdings das Shooting kurzfristig abgesagt wird eine Geb\u00fchr von 50,- verrechnet.<\/em><\/p>\n\n\n\n<hr class=\"wp-block-separator\"\/>\n","protected":false},"excerpt":{"rendered":"<p>Wie schnell die Zeit vergeht und schon ist dein Baby kein Baby mehr und feiert schon seinen 1. Geburtstag. Ein&hellip;<\/p>\n","protected":false},"author":2,"featured_media":0,"parent":0,"menu_order":0,"comment_status":"closed","ping_status":"closed","template":"","meta":[],"_links":{"self":[{"href":"https:\/\/janine-photo.ch\/index.php?rest_route=\/wp\/v2\/pages\/1392"}],"collection":[{"href":"https:\/\/janine-photo.ch\/index.php?rest_route=\/wp\/v2\/pages"}],"about":[{"href":"https:\/\/janine-photo.ch\/index.php?rest_route=\/wp\/v2\/types\/page"}],"author":[{"embeddable":true,"href":"https:\/\/janine-photo.ch\/index.php?rest_route=\/wp\/v2\/users\/2"}],"replies":[{"embeddable":true,"href":"https:\/\/janine-photo.ch\/index.php?rest_route=%2Fwp%2Fv2%2Fcomments&post=1392"}],"version-history":[{"count":6,"href":"https:\/\/janine-photo.ch\/index.php?rest_route=\/wp\/v2\/pages\/1392\/revisions"}],"predecessor-version":[{"id":1842,"href":"https:\/\/janine-photo.ch\/index.php?rest_route=\/wp\/v2\/pages\/1392\/revisions\/1842"}],"wp:attachment":[{"href":"https:\/\/janine-photo.ch\/index.php?rest_route=%2Fwp%2Fv2%2Fmedia&parent=1392"}],"curies":[{"name":"wp","href":"https:\/\/api.w.org\/{rel}","templated":true}]}}