{"id":1390,"date":"2025-02-04T19:54:51","date_gmt":"2025-02-04T19:54:51","guid":{"rendered":"https:\/\/janine-photo.ch\/?page_id=1390"},"modified":"2026-01-02T15:26:19","modified_gmt":"2026-01-02T15:26:19","slug":"newborn-2","status":"publish","type":"page","link":"https:\/\/janine-photo.ch\/?page_id=1390","title":{"rendered":"Newborn"},"content":{"rendered":"\n<p><strong>Paket 1<\/strong><\/p>\n\n\n\n<figure class=\"wp-block-gallery columns-1 is-cropped\"><ul class=\"blocks-gallery-grid\"><li class=\"blocks-gallery-item\"><figure><img loading=\"lazy\" width=\"1024\" height=\"683\" src=\"https:\/\/janine-photo.ch\/wp-content\/uploads\/2026\/01\/A31A6721-2-1024x683.jpg\" alt=\"\" data-id=\"2009\" data-full-url=\"https:\/\/janine-photo.ch\/wp-content\/uploads\/2026\/01\/A31A6721-2-scaled.jpg\" data-link=\"https:\/\/janine-photo.ch\/?attachment_id=2009\" class=\"wp-image-2009\" srcset=\"https:\/\/janine-photo.ch\/wp-content\/uploads\/2026\/01\/A31A6721-2-1024x683.jpg 1024w, https:\/\/janine-photo.ch\/wp-content\/uploads\/2026\/01\/A31A6721-2-300x200.jpg 300w, https:\/\/janine-photo.ch\/wp-content\/uploads\/2026\/01\/A31A6721-2-768x512.jpg 768w, https:\/\/janine-photo.ch\/wp-content\/uploads\/2026\/01\/A31A6721-2-1536x1024.jpg 1536w, https:\/\/janine-photo.ch\/wp-content\/uploads\/2026\/01\/A31A6721-2-2048x1365.jpg 2048w, https:\/\/janine-photo.ch\/wp-content\/uploads\/2026\/01\/A31A6721-2-1600x1067.jpg 1600w\" sizes=\"(max-width: 1024px) 100vw, 1024px\" \/><\/figure><\/li><\/ul><\/figure>\n\n\n\n<p>Bei diesem Set dreht sich alles um dein kleiner Schatz. Es werden Bilder in verschiedenen Posen gemacht aber so authentisch wie m\u00f6glich gehalten. Du darfst hier auch deine W\u00fcnsche \u00e4u\u00dfern was die Farbwahl oder Settings anbelangt. Bei diesem Set sind keine Fotos mit Eltern oder Geschwister enthalten. <\/p>\n\n\n\n<hr class=\"wp-block-separator\"\/>\n\n\n\n<p>Dein Paket :<\/p>\n\n\n\n<p>ca.60 Minuten&nbsp;Shooting in meinem Studio<\/p>\n\n\n\n<p>5 Fotos in meinem Stil bearbeitet<\/p>\n\n\n\n<p>Alle Bilder in einer Onlinegalerie f\u00fcr deine Bildauswahl &amp; Download<\/p>\n\n\n\n<p>Preis:&nbsp;<strong>200.-<\/strong><\/p>\n\n\n\n<p>M\u00f6chtest du mehrere Bilder als in deinem Paket enthalten ist, kannst du jedes weitere Bild f\u00fcr<strong> <\/strong>20.- \/ stk dazu kaufen oder du entscheidest dich f\u00fcr die komplette Galerie gibt es diese f\u00fcr 100.- dazu.<\/p>\n\n\n\n<hr class=\"wp-block-separator\"\/>\n\n\n\n<p><strong>Paket 2<\/strong><\/p>\n\n\n\n<figure class=\"wp-block-gallery columns-1 is-cropped\"><ul class=\"blocks-gallery-grid\"><li class=\"blocks-gallery-item\"><figure><img loading=\"lazy\" width=\"1024\" height=\"683\" src=\"https:\/\/janine-photo.ch\/wp-content\/uploads\/2026\/01\/JK7A7025-1024x683.jpg\" alt=\"\" data-id=\"2012\" data-full-url=\"https:\/\/janine-photo.ch\/wp-content\/uploads\/2026\/01\/JK7A7025-scaled.jpg\" data-link=\"https:\/\/janine-photo.ch\/?attachment_id=2012\" class=\"wp-image-2012\" srcset=\"https:\/\/janine-photo.ch\/wp-content\/uploads\/2026\/01\/JK7A7025-1024x683.jpg 1024w, https:\/\/janine-photo.ch\/wp-content\/uploads\/2026\/01\/JK7A7025-300x200.jpg 300w, https:\/\/janine-photo.ch\/wp-content\/uploads\/2026\/01\/JK7A7025-768x512.jpg 768w, https:\/\/janine-photo.ch\/wp-content\/uploads\/2026\/01\/JK7A7025-1536x1024.jpg 1536w, https:\/\/janine-photo.ch\/wp-content\/uploads\/2026\/01\/JK7A7025-2048x1365.jpg 2048w, https:\/\/janine-photo.ch\/wp-content\/uploads\/2026\/01\/JK7A7025-1600x1067.jpg 1600w\" sizes=\"(max-width: 1024px) 100vw, 1024px\" \/><\/figure><\/li><\/ul><\/figure>\n\n\n\n<p>Hier werden sowohl einzelne Fotos vom Baby wie auch Familienfotos zusammen mit Mama ,Papa und Geschwistern gemacht.<\/p>\n\n\n\n<hr class=\"wp-block-separator\"\/>\n\n\n\n<p>Dein Paket :<\/p>\n\n\n\n<p>90 bis 120 Minuten&nbsp;Shooting in meinem Studio<\/p>\n\n\n\n<p>15 Fotos in meinem Stil bearbeitet<\/p>\n\n\n\n<p>Alle Bilder in einer Onlinegalerie f\u00fcr deine Bildauswahl &amp; Download<\/p>\n\n\n\n<p>Preis:&nbsp;<strong>350.-<\/strong><\/p>\n\n\n\n<p>M\u00f6chtest du mehrere Bilder als in deinem Paket enthalten ist, kannst du jedes weitere Bild f\u00fcr20.- \/ stk dazu kaufen oder du entscheidest dich f\u00fcr die komplette Galerie gibt es diese f\u00fcr 100.- dazu.<\/p>\n\n\n\n<p><\/p>\n\n\n\n<p><\/p>\n\n\n\n<p><em>&#8222;Bei jeden gebuchten Shooting gilt: Bei Krankheit oder Unfall kann das Shooting nat\u00fcrlich verschoben werden, wird allerdings das Shooting kurzfristig abgesagt wird eine Geb\u00fchr von 50,- verrechnet.<\/em><\/p>\n\n\n\n<hr class=\"wp-block-separator\"\/>\n","protected":false},"excerpt":{"rendered":"<p>Paket 1 Bei diesem Set dreht sich alles um dein kleiner Schatz. Es werden Bilder in verschiedenen Posen gemacht aber&hellip;<\/p>\n","protected":false},"author":2,"featured_media":0,"parent":0,"menu_order":0,"comment_status":"closed","ping_status":"closed","template":"","meta":[],"_links":{"self":[{"href":"https:\/\/janine-photo.ch\/index.php?rest_route=\/wp\/v2\/pages\/1390"}],"collection":[{"href":"https:\/\/janine-photo.ch\/index.php?rest_route=\/wp\/v2\/pages"}],"about":[{"href":"https:\/\/janine-photo.ch\/index.php?rest_route=\/wp\/v2\/types\/page"}],"author":[{"embeddable":true,"href":"https:\/\/janine-photo.ch\/index.php?rest_route=\/wp\/v2\/users\/2"}],"replies":[{"embeddable":true,"href":"https:\/\/janine-photo.ch\/index.php?rest_route=%2Fwp%2Fv2%2Fcomments&post=1390"}],"version-history":[{"count":14,"href":"https:\/\/janine-photo.ch\/index.php?rest_route=\/wp\/v2\/pages\/1390\/revisions"}],"predecessor-version":[{"id":2013,"href":"https:\/\/janine-photo.ch\/index.php?rest_route=\/wp\/v2\/pages\/1390\/revisions\/2013"}],"wp:attachment":[{"href":"https:\/\/janine-photo.ch\/index.php?rest_route=%2Fwp%2Fv2%2Fmedia&parent=1390"}],"curies":[{"name":"wp","href":"https:\/\/api.w.org\/{rel}","templated":true}]}}